{"id":13,"date":"2024-03-28T11:25:04","date_gmt":"2024-03-28T10:25:04","guid":{"rendered":"http:\/\/innovaxion.io\/?page_id=13"},"modified":"2024-08-06T16:12:34","modified_gmt":"2024-08-06T14:12:34","slug":"wemory","status":"publish","type":"page","link":"https:\/\/innovaxion.io\/?page_id=13","title":{"rendered":"WEMORY"},"content":{"rendered":"\n<figure class=\"wp-block-image size-large\"><img loading=\"lazy\" decoding=\"async\" width=\"1024\" height=\"313\" src=\"https:\/\/innovaxion.io\/wp-content\/uploads\/2024\/03\/wemorylogo-1024x313.png\" alt=\"\" class=\"wp-image-14\" srcset=\"https:\/\/innovaxion.io\/wp-content\/uploads\/2024\/03\/wemorylogo-1024x313.png 1024w, https:\/\/innovaxion.io\/wp-content\/uploads\/2024\/03\/wemorylogo-300x92.png 300w, https:\/\/innovaxion.io\/wp-content\/uploads\/2024\/03\/wemorylogo-768x234.png 768w, https:\/\/innovaxion.io\/wp-content\/uploads\/2024\/03\/wemorylogo-1536x469.png 1536w, https:\/\/innovaxion.io\/wp-content\/uploads\/2024\/03\/wemorylogo-2048x625.png 2048w\" sizes=\"auto, (max-width: 1024px) 100vw, 1024px\" \/><\/figure>\n\n\n\n<hr class=\"wp-block-separator has-alpha-channel-opacity\"\/>\n\n\n\n<p class=\"has-text-align-center has-contrast-color has-text-color has-link-color wp-elements-84f2508e2631bf64b1105f693f64e725\" style=\"font-size:clamp(0.875rem, 0.875rem + ((1vw - 0.2rem) * 0.375), 1.1rem);\"><strong>VOTRE<\/strong> carte de visite <strong>VIRTUELLE<\/strong><\/p>\n\n\n\n<p class=\"has-text-align-center has-contrast-color has-text-color has-link-color wp-elements-e09c76b00472dd05e6518d966215888f\" style=\"font-size:clamp(0.875rem, 0.875rem + ((1vw - 0.2rem) * 0.375), 1.1rem);\"><strong>PROFESSIONNELLE<\/strong> et <strong>PERSONNELLE<\/strong><\/p>\n\n\n\n<p class=\"has-text-align-center has-contrast-color has-text-color has-link-color wp-elements-dfcb0e7a081927e6bc2a9cd3ce9a294b\" style=\"font-size:clamp(0.875rem, 0.875rem + ((1vw - 0.2rem) * 0.375), 1.1rem);\"><strong>Partagez toutes vos coordonn\u00e9es en un seul scan d&rsquo;HYPR-code !<\/strong><\/p>\n\n\n\n<figure class=\"wp-block-image size-large\"><img loading=\"lazy\" decoding=\"async\" width=\"1024\" height=\"574\" src=\"https:\/\/innovaxion.io\/wp-content\/uploads\/2024\/03\/ScanMe-1024x574.jpg\" alt=\"\" class=\"wp-image-15\" srcset=\"https:\/\/innovaxion.io\/wp-content\/uploads\/2024\/03\/ScanMe-1024x574.jpg 1024w, https:\/\/innovaxion.io\/wp-content\/uploads\/2024\/03\/ScanMe-300x168.jpg 300w, https:\/\/innovaxion.io\/wp-content\/uploads\/2024\/03\/ScanMe-768x430.jpg 768w, https:\/\/innovaxion.io\/wp-content\/uploads\/2024\/03\/ScanMe.jpg 1371w\" sizes=\"auto, (max-width: 1024px) 100vw, 1024px\" \/><\/figure>\n\n\n\n<figure class=\"wp-block-image size-large\"><img loading=\"lazy\" decoding=\"async\" width=\"1024\" height=\"431\" src=\"https:\/\/innovaxion.io\/wp-content\/uploads\/2024\/03\/digitalflyer-1024x431.png\" alt=\"\" class=\"wp-image-18\" srcset=\"https:\/\/innovaxion.io\/wp-content\/uploads\/2024\/03\/digitalflyer-1024x431.png 1024w, https:\/\/innovaxion.io\/wp-content\/uploads\/2024\/03\/digitalflyer-300x126.png 300w, https:\/\/innovaxion.io\/wp-content\/uploads\/2024\/03\/digitalflyer-768x323.png 768w, https:\/\/innovaxion.io\/wp-content\/uploads\/2024\/03\/digitalflyer-1536x646.png 1536w, https:\/\/innovaxion.io\/wp-content\/uploads\/2024\/03\/digitalflyer-2048x862.png 2048w\" sizes=\"auto, (max-width: 1024px) 100vw, 1024px\" \/><\/figure>\n\n\n\n<p class=\"has-text-align-center\" style=\"font-size:clamp(14px, 0.875rem + ((1vw - 3.2px) * 0.625), 20px);\"><strong>Contactez-nous&nbsp;illico, et d\u00e9couvrez les possibilit\u00e9s infinies des Wemos !<\/strong><br><br><strong>Partagez toutes les donn\u00e9es que vous voulez, en illimit\u00e9 et en toute s\u00e9curit\u00e9,<\/strong><br><br><strong>Visibles ou cach\u00e9es,&nbsp;<a href=\"https:\/\/wemory.me\/wiw.html\">c&rsquo;est vous qui choisissez et qui contr\u00f4lez<\/a>.<\/strong><\/p>\n\n\n\n<p><\/p>\n\n\n\n<figure class=\"wp-block-image aligncenter size-large is-resized\"><a href=\"https:\/\/wemory.me\/innovaxion\"><img loading=\"lazy\" decoding=\"async\" width=\"1024\" height=\"1024\" src=\"https:\/\/innovaxion.io\/wp-content\/uploads\/2024\/03\/qr-1024x1024.png\" alt=\"\" class=\"wp-image-33\" style=\"width:111px;height:auto\" srcset=\"https:\/\/innovaxion.io\/wp-content\/uploads\/2024\/03\/qr-1024x1024.png 1024w, https:\/\/innovaxion.io\/wp-content\/uploads\/2024\/03\/qr-300x300.png 300w, https:\/\/innovaxion.io\/wp-content\/uploads\/2024\/03\/qr-150x150.png 150w, https:\/\/innovaxion.io\/wp-content\/uploads\/2024\/03\/qr-768x768.png 768w, https:\/\/innovaxion.io\/wp-content\/uploads\/2024\/03\/qr.png 1147w\" sizes=\"auto, (max-width: 1024px) 100vw, 1024px\" \/><\/a><\/figure>\n\n\n\n<p class=\"has-text-align-center\"><strong>Scan Me \/ Click Me<\/strong><\/p>\n\n\n\n<p><\/p>\n","protected":false},"excerpt":{"rendered":"<p>VOTRE carte de visite VIRTUELLE PROFESSIONNELLE et PERSONNELLE Partagez toutes vos coordonn\u00e9es en un seul scan d&rsquo;HYPR-code ! Contactez-nous&nbsp;illico, et d\u00e9couvrez les possibilit\u00e9s infinies des Wemos ! Partagez toutes les donn\u00e9es que vous voulez, en illimit\u00e9 et en toute s\u00e9curit\u00e9, Visibles ou cach\u00e9es,&nbsp;c&rsquo;est vous qui choisissez et qui contr\u00f4lez. Scan Me \/ Click Me<\/p>\n","protected":false},"author":1,"featured_media":0,"parent":0,"menu_order":0,"comment_status":"closed","ping_status":"open","template":"","meta":{"footnotes":""},"class_list":["post-13","page","type-page","status-publish","hentry"],"_links":{"self":[{"href":"https:\/\/innovaxion.io\/index.php?rest_route=\/wp\/v2\/pages\/13","targetHints":{"allow":["GET"]}}],"collection":[{"href":"https:\/\/innovaxion.io\/index.php?rest_route=\/wp\/v2\/pages"}],"about":[{"href":"https:\/\/innovaxion.io\/index.php?rest_route=\/wp\/v2\/types\/page"}],"author":[{"embeddable":true,"href":"https:\/\/innovaxion.io\/index.php?rest_route=\/wp\/v2\/users\/1"}],"replies":[{"embeddable":true,"href":"https:\/\/innovaxion.io\/index.php?rest_route=%2Fwp%2Fv2%2Fcomments&post=13"}],"version-history":[{"count":8,"href":"https:\/\/innovaxion.io\/index.php?rest_route=\/wp\/v2\/pages\/13\/revisions"}],"predecessor-version":[{"id":45,"href":"https:\/\/innovaxion.io\/index.php?rest_route=\/wp\/v2\/pages\/13\/revisions\/45"}],"wp:attachment":[{"href":"https:\/\/innovaxion.io\/index.php?rest_route=%2Fwp%2Fv2%2Fmedia&parent=13"}],"curies":[{"name":"wp","href":"https:\/\/api.w.org\/{rel}","templated":true}]}}